{"id":6593,"date":"2025-05-07T12:29:50","date_gmt":"2025-05-07T12:29:50","guid":{"rendered":"https:\/\/kunista.com\/overdimensionerad-frakt\/"},"modified":"2025-11-17T08:52:22","modified_gmt":"2025-11-17T08:52:22","slug":"overdimensionerad-frakt","status":"publish","type":"page","link":"https:\/\/2kunista.bcapps.lt\/sv\/overdimensionerad-frakt\/","title":{"rendered":"\u00d6verdimensionerad frakt"},"content":{"rendered":"<div class=\"fusion-fullwidth fullwidth-box fusion-builder-row-1 fusion-flex-container has-pattern-background has-mask-background nonhundred-percent-fullwidth non-hundred-percent-height-scrolling\" style=\"--awb-border-radius-top-left:0px;--awb-border-radius-top-right:0px;--awb-border-radius-bottom-right:0px;--awb-border-radius-bottom-left:0px;--awb-margin-top:4px;--awb-flex-wrap:wrap;\" ><div class=\"fusion-builder-row fusion-row fusion-flex-align-items-flex-start fusion-flex-content-wrap\" style=\"max-width:1248px;margin-left: calc(-4% \/ 2 );margin-right: calc(-4% \/ 2 );\"><div class=\"fusion-layout-column fusion_builder_column fusion-builder-column-0 fusion_builder_column_1_1 1_1 fusion-flex-column\" style=\"--awb-bg-blend:soft-light;--awb-bg-size:cover;--awb-width-large:100%;--awb-margin-top-large:0px;--awb-spacing-right-large:1.92%;--awb-margin-bottom-large:0px;--awb-spacing-left-large:1.92%;--awb-width-medium:100%;--awb-spacing-right-medium:1.92%;--awb-spacing-left-medium:1.92%;--awb-width-small:100%;--awb-spacing-right-small:1.92%;--awb-spacing-left-small:1.92%;\"><div class=\"fusion-column-wrapper fusion-flex-justify-content-flex-start fusion-content-layout-column\"><div class=\"fusion-text fusion-text-1\"><p><strong>\u00d6verdimensionerad frakt &#8211; professionella och p\u00e5litliga tj\u00e4nster<\/strong><\/p>\n<p>\u00d6verdimensionerat gods \u00e4r ett av v\u00e5ra k\u00e4rnomr\u00e5den och vi har specialiserat oss p\u00e5 det sedan 2019. Vi erbjuder s\u00e4kra och effektiva transporter av \u00f6verdimensionerat gods i hela Litauen, Lettland, Estland och Skandinavien. V\u00e5rt m\u00e5l \u00e4r att se till att varje stor och tung last n\u00e5r sin destination i tid och p\u00e5 ett s\u00e4kert s\u00e4tt.  <\/p>\n<p>F\u00f6r att s\u00e4kerst\u00e4lla kvaliteten p\u00e5 \u00f6verdimensionerade godstransporter \u00e4r det viktigt med ordentliga f\u00f6rberedelser: ruttplanering, tillst\u00e5nd, s\u00e4kring och lasts\u00e4kring. V\u00e5rt f\u00f6retags m\u00e5ng\u00e5riga erfarenhet och moderna utrustning g\u00f6r det m\u00f6jligt f\u00f6r oss att erbjuda tj\u00e4nster av h\u00f6gsta kvalitet. <\/p>\n<p>Olika typer av maskiner som vi anv\u00e4nder f\u00f6r \u00f6verdimensionerat gods:<\/p>\n<ul>\n<li>Teleskopiska plattformar<\/li>\n<li>Plattformar under golv<\/li>\n<li>Jumbo-plattformar<\/li>\n<li>\u00d6ppna plattformar<\/li>\n<\/ul>\n<p><strong>Transport av \u00f6verdimensionerat gods omfattar<\/strong> inte bara sj\u00e4lva transporten utan \u00e4ven allt organisatoriskt till\u00e4ggsarbete, t.ex. tillst\u00e5nd, eskorttj\u00e4nster, tullklarering och s\u00e4rskilda demonterings-\/installationstj\u00e4nster f\u00f6r v\u00e4gar och konstruktioner.<\/p>\n<p>Vi erbjuder omfattande support:<\/p>\n<ul>\n<li>Ordna tillst\u00e5nd f\u00f6r \u00f6verdimensionerat gods<\/li>\n<li>Ledsagnings- och omsorgstj\u00e4nster<\/li>\n<li>Tullklareringstj\u00e4nster<\/li>\n<li>F\u00e4rdv\u00e4gsplanering, v\u00e4gmarkering, demontering\/installation av konstruktioner<\/li>\n<li>Fr\u00e5nkoppling och anslutning av kraftledningar<\/li>\n<\/ul>\n<p><strong>\u00d6verdimensionerad frakt<\/strong> \u00e4r v\u00e5rt \u00e5tagande och v\u00e5r m\u00e5ng\u00e5riga erfarenhet av att hj\u00e4lpa v\u00e5ra kunder att \u00f6vervinna de mest komplexa logistikutmaningarna. N\u00e4r du anf\u00f6rtror oss ditt gods kan du vara s\u00e4ker p\u00e5 att det kommer att n\u00e5 sin destination s\u00e4kert och i tid. <\/p>\n<p>Ta kontakt med f\u00f6ljande kontaktpersoner s\u00e5 ger vi dig den b\u00e4sta personliga l\u00f6sningen:<\/p>\n<p><strong>Direkt\u00f6r:<\/strong><br \/>\nKarolis Kunickis<br \/>\n+370 623 55702<br \/>\ninfo@2kunista.bcapps.lt<\/p>\n<p><strong>Transport Manager:<\/strong><br \/>\nStasys Vasiliauskas<br \/>\n+370 642 02407<br \/>\ntransport@2kunista.bcapps.lt<\/p>\n<\/div><\/div><\/div><\/div><\/div>\n","protected":false},"excerpt":{"rendered":"","protected":false},"author":4,"featured_media":0,"parent":0,"menu_order":0,"comment_status":"closed","ping_status":"closed","template":"100-width.php","meta":{"footnotes":""},"class_list":["post-6593","page","type-page","status-publish","hentry"],"yoast_head":"<!-- This site is optimized with the Yoast SEO plugin v27.5 - https:\/\/yoast.com\/product\/yoast-seo-wordpress\/ -->\n<title>\u00d6verdimensionerad frakt - Kunista<\/title>\n<meta name=\"description\" content=\"\u00d6verdimensionerad frakt \u00e4r en av v\u00e5ra k\u00e4rnverksamheter. Vi str\u00e4var alltid efter att tillhandah\u00e5lla den b\u00e4sta l\u00f6sningen f\u00f6r v\u00e5ra kunder.\" \/>\n<meta name=\"robots\" content=\"noindex, follow, max-snippet:-1, max-image-preview:large, max-video-preview:-1\" \/>\n<meta property=\"og:locale\" content=\"sv_SE\" \/>\n<meta property=\"og:type\" content=\"article\" \/>\n<meta property=\"og:title\" content=\"\u00d6verdimensionerad frakt - Kunista\" \/>\n<meta property=\"og:description\" content=\"\u00d6verdimensionerad frakt \u00e4r en av v\u00e5ra k\u00e4rnverksamheter. Vi str\u00e4var alltid efter att tillhandah\u00e5lla den b\u00e4sta l\u00f6sningen f\u00f6r v\u00e5ra kunder.\" \/>\n<meta property=\"og:url\" content=\"https:\/\/2kunista.bcapps.lt\/sv\/overdimensionerad-frakt\/\" \/>\n<meta property=\"og:site_name\" content=\"Kunista\" \/>\n<meta property=\"article:publisher\" content=\"https:\/\/www.facebook.com\/uabkunista\" \/>\n<meta property=\"article:modified_time\" content=\"2025-11-17T08:52:22+00:00\" \/>\n<meta name=\"twitter:card\" content=\"summary_large_image\" \/>\n<meta name=\"twitter:label1\" content=\"Ber\u00e4knad l\u00e4stid\" \/>\n\t<meta name=\"twitter:data1\" content=\"5 minuter\" \/>\n<script type=\"application\/ld+json\" class=\"yoast-schema-graph\">{\"@context\":\"https:\\\/\\\/schema.org\",\"@graph\":[{\"@type\":\"WebPage\",\"@id\":\"https:\\\/\\\/2kunista.bcapps.lt\\\/sv\\\/overdimensionerad-frakt\\\/\",\"url\":\"https:\\\/\\\/2kunista.bcapps.lt\\\/sv\\\/overdimensionerad-frakt\\\/\",\"name\":\"\u00d6verdimensionerad frakt - Kunista\",\"isPartOf\":{\"@id\":\"https:\\\/\\\/2kunista.bcapps.lt\\\/#website\"},\"datePublished\":\"2025-05-07T12:29:50+00:00\",\"dateModified\":\"2025-11-17T08:52:22+00:00\",\"description\":\"\u00d6verdimensionerad frakt \u00e4r en av v\u00e5ra k\u00e4rnverksamheter. Vi str\u00e4var alltid efter att tillhandah\u00e5lla den b\u00e4sta l\u00f6sningen f\u00f6r v\u00e5ra kunder.\",\"breadcrumb\":{\"@id\":\"https:\\\/\\\/2kunista.bcapps.lt\\\/sv\\\/overdimensionerad-frakt\\\/#breadcrumb\"},\"inLanguage\":\"sv-SE\",\"potentialAction\":[{\"@type\":\"ReadAction\",\"target\":[\"https:\\\/\\\/2kunista.bcapps.lt\\\/sv\\\/overdimensionerad-frakt\\\/\"]}]},{\"@type\":\"BreadcrumbList\",\"@id\":\"https:\\\/\\\/2kunista.bcapps.lt\\\/sv\\\/overdimensionerad-frakt\\\/#breadcrumb\",\"itemListElement\":[{\"@type\":\"ListItem\",\"position\":1,\"name\":\"PRADINIS\",\"item\":\"https:\\\/\\\/2kunista.bcapps.lt\\\/sv\\\/\"},{\"@type\":\"ListItem\",\"position\":2,\"name\":\"\u00d6verdimensionerad frakt\"}]},{\"@type\":\"WebSite\",\"@id\":\"https:\\\/\\\/2kunista.bcapps.lt\\\/#website\",\"url\":\"https:\\\/\\\/2kunista.bcapps.lt\\\/\",\"name\":\"Kunista\",\"description\":\"\u017dem\u0117s \u016bkio technika, logistika\",\"publisher\":{\"@id\":\"https:\\\/\\\/2kunista.bcapps.lt\\\/#organization\"},\"potentialAction\":[{\"@type\":\"SearchAction\",\"target\":{\"@type\":\"EntryPoint\",\"urlTemplate\":\"https:\\\/\\\/2kunista.bcapps.lt\\\/?s={search_term_string}\"},\"query-input\":{\"@type\":\"PropertyValueSpecification\",\"valueRequired\":true,\"valueName\":\"search_term_string\"}}],\"inLanguage\":\"sv-SE\"},{\"@type\":\"Organization\",\"@id\":\"https:\\\/\\\/2kunista.bcapps.lt\\\/#organization\",\"name\":\"UAB Kunista\",\"url\":\"https:\\\/\\\/2kunista.bcapps.lt\\\/\",\"logo\":{\"@type\":\"ImageObject\",\"inLanguage\":\"sv-SE\",\"@id\":\"https:\\\/\\\/2kunista.bcapps.lt\\\/#\\\/schema\\\/logo\\\/image\\\/\",\"url\":\"https:\\\/\\\/2kunista.bcapps.lt\\\/wp-content\\\/uploads\\\/2023\\\/10\\\/kunista-dark-logo.png\",\"contentUrl\":\"https:\\\/\\\/2kunista.bcapps.lt\\\/wp-content\\\/uploads\\\/2023\\\/10\\\/kunista-dark-logo.png\",\"width\":1000,\"height\":500,\"caption\":\"UAB Kunista\"},\"image\":{\"@id\":\"https:\\\/\\\/2kunista.bcapps.lt\\\/#\\\/schema\\\/logo\\\/image\\\/\"},\"sameAs\":[\"https:\\\/\\\/www.facebook.com\\\/uabkunista\"]}]}<\/script>\n<!-- \/ Yoast SEO plugin. -->","yoast_head_json":{"title":"\u00d6verdimensionerad frakt - Kunista","description":"\u00d6verdimensionerad frakt \u00e4r en av v\u00e5ra k\u00e4rnverksamheter. Vi str\u00e4var alltid efter att tillhandah\u00e5lla den b\u00e4sta l\u00f6sningen f\u00f6r v\u00e5ra kunder.","robots":{"index":"noindex","follow":"follow","max-snippet":"max-snippet:-1","max-image-preview":"max-image-preview:large","max-video-preview":"max-video-preview:-1"},"og_locale":"sv_SE","og_type":"article","og_title":"\u00d6verdimensionerad frakt - Kunista","og_description":"\u00d6verdimensionerad frakt \u00e4r en av v\u00e5ra k\u00e4rnverksamheter. Vi str\u00e4var alltid efter att tillhandah\u00e5lla den b\u00e4sta l\u00f6sningen f\u00f6r v\u00e5ra kunder.","og_url":"https:\/\/2kunista.bcapps.lt\/sv\/overdimensionerad-frakt\/","og_site_name":"Kunista","article_publisher":"https:\/\/www.facebook.com\/uabkunista","article_modified_time":"2025-11-17T08:52:22+00:00","twitter_card":"summary_large_image","twitter_misc":{"Ber\u00e4knad l\u00e4stid":"5 minuter"},"schema":{"@context":"https:\/\/schema.org","@graph":[{"@type":"WebPage","@id":"https:\/\/2kunista.bcapps.lt\/sv\/overdimensionerad-frakt\/","url":"https:\/\/2kunista.bcapps.lt\/sv\/overdimensionerad-frakt\/","name":"\u00d6verdimensionerad frakt - Kunista","isPartOf":{"@id":"https:\/\/2kunista.bcapps.lt\/#website"},"datePublished":"2025-05-07T12:29:50+00:00","dateModified":"2025-11-17T08:52:22+00:00","description":"\u00d6verdimensionerad frakt \u00e4r en av v\u00e5ra k\u00e4rnverksamheter. Vi str\u00e4var alltid efter att tillhandah\u00e5lla den b\u00e4sta l\u00f6sningen f\u00f6r v\u00e5ra kunder.","breadcrumb":{"@id":"https:\/\/2kunista.bcapps.lt\/sv\/overdimensionerad-frakt\/#breadcrumb"},"inLanguage":"sv-SE","potentialAction":[{"@type":"ReadAction","target":["https:\/\/2kunista.bcapps.lt\/sv\/overdimensionerad-frakt\/"]}]},{"@type":"BreadcrumbList","@id":"https:\/\/2kunista.bcapps.lt\/sv\/overdimensionerad-frakt\/#breadcrumb","itemListElement":[{"@type":"ListItem","position":1,"name":"PRADINIS","item":"https:\/\/2kunista.bcapps.lt\/sv\/"},{"@type":"ListItem","position":2,"name":"\u00d6verdimensionerad frakt"}]},{"@type":"WebSite","@id":"https:\/\/2kunista.bcapps.lt\/#website","url":"https:\/\/2kunista.bcapps.lt\/","name":"Kunista","description":"\u017dem\u0117s \u016bkio technika, logistika","publisher":{"@id":"https:\/\/2kunista.bcapps.lt\/#organization"},"potentialAction":[{"@type":"SearchAction","target":{"@type":"EntryPoint","urlTemplate":"https:\/\/2kunista.bcapps.lt\/?s={search_term_string}"},"query-input":{"@type":"PropertyValueSpecification","valueRequired":true,"valueName":"search_term_string"}}],"inLanguage":"sv-SE"},{"@type":"Organization","@id":"https:\/\/2kunista.bcapps.lt\/#organization","name":"UAB Kunista","url":"https:\/\/2kunista.bcapps.lt\/","logo":{"@type":"ImageObject","inLanguage":"sv-SE","@id":"https:\/\/2kunista.bcapps.lt\/#\/schema\/logo\/image\/","url":"https:\/\/2kunista.bcapps.lt\/wp-content\/uploads\/2023\/10\/kunista-dark-logo.png","contentUrl":"https:\/\/2kunista.bcapps.lt\/wp-content\/uploads\/2023\/10\/kunista-dark-logo.png","width":1000,"height":500,"caption":"UAB Kunista"},"image":{"@id":"https:\/\/2kunista.bcapps.lt\/#\/schema\/logo\/image\/"},"sameAs":["https:\/\/www.facebook.com\/uabkunista"]}]}},"_links":{"self":[{"href":"https:\/\/2kunista.bcapps.lt\/sv\/wp-json\/wp\/v2\/pages\/6593","targetHints":{"allow":["GET"]}}],"collection":[{"href":"https:\/\/2kunista.bcapps.lt\/sv\/wp-json\/wp\/v2\/pages"}],"about":[{"href":"https:\/\/2kunista.bcapps.lt\/sv\/wp-json\/wp\/v2\/types\/page"}],"author":[{"embeddable":true,"href":"https:\/\/2kunista.bcapps.lt\/sv\/wp-json\/wp\/v2\/users\/4"}],"replies":[{"embeddable":true,"href":"https:\/\/2kunista.bcapps.lt\/sv\/wp-json\/wp\/v2\/comments?post=6593"}],"version-history":[{"count":4,"href":"https:\/\/2kunista.bcapps.lt\/sv\/wp-json\/wp\/v2\/pages\/6593\/revisions"}],"predecessor-version":[{"id":6597,"href":"https:\/\/2kunista.bcapps.lt\/sv\/wp-json\/wp\/v2\/pages\/6593\/revisions\/6597"}],"wp:attachment":[{"href":"https:\/\/2kunista.bcapps.lt\/sv\/wp-json\/wp\/v2\/media?parent=6593"}],"curies":[{"name":"wp","href":"https:\/\/api.w.org\/{rel}","templated":true}]}}