{"id":5666,"date":"2023-12-20T14:23:26","date_gmt":"2023-12-20T14:23:26","guid":{"rendered":"https:\/\/kunista.bcapps.lt\/nyheter\/"},"modified":"2025-03-21T09:50:17","modified_gmt":"2025-03-21T09:50:17","slug":"nyheter","status":"publish","type":"page","link":"https:\/\/2kunista.bcapps.lt\/sv\/nyheter\/","title":{"rendered":"NYHETER"},"content":{"rendered":"<div class=\"fusion-fullwidth fullwidth-box fusion-builder-row-1 fusion-flex-container has-pattern-background has-mask-background nonhundred-percent-fullwidth non-hundred-percent-height-scrolling\" style=\"--awb-border-radius-top-left:0px;--awb-border-radius-top-right:0px;--awb-border-radius-bottom-right:0px;--awb-border-radius-bottom-left:0px;--awb-padding-top:50px;--awb-padding-bottom:80px;--awb-flex-wrap:wrap;\" ><div class=\"fusion-builder-row fusion-row fusion-flex-align-items-flex-start fusion-flex-content-wrap\" style=\"max-width:1248px;margin-left: calc(-4% \/ 2 );margin-right: calc(-4% \/ 2 );\"><div class=\"fusion-layout-column fusion_builder_column fusion-builder-column-0 fusion_builder_column_1_1 1_1 fusion-flex-column\" style=\"--awb-bg-size:cover;--awb-width-large:100%;--awb-margin-top-large:0px;--awb-spacing-right-large:1.92%;--awb-margin-bottom-large:20px;--awb-spacing-left-large:1.92%;--awb-width-medium:100%;--awb-order-medium:0;--awb-spacing-right-medium:1.92%;--awb-spacing-left-medium:1.92%;--awb-width-small:100%;--awb-order-small:0;--awb-spacing-right-small:1.92%;--awb-spacing-left-small:1.92%;\" data-scroll-devices=\"small-visibility,medium-visibility,large-visibility\"><div class=\"fusion-column-wrapper fusion-column-has-shadow fusion-flex-justify-content-flex-start fusion-content-layout-column\"><div class=\"fusion-title title fusion-title-1 fusion-sep-none fusion-title-text fusion-title-size-one\" style=\"--awb-text-color:#eb212d;--awb-margin-top:50px;--awb-margin-bottom:0px;--awb-margin-top-small:10px;--awb-margin-right-small:0px;--awb-margin-bottom-small:10px;--awb-margin-left-small:0px;--awb-font-size:20px;\"><h1 class=\"fusion-title-heading title-heading-left\" style=\"font-family:&quot;Poppins&quot;;font-style:normal;font-weight:700;margin:0;font-size:1em;\">BLI F\u00d6RST MED ATT VETA<\/h1><\/div><div class=\"fusion-title title fusion-title-2 fusion-sep-none fusion-title-text fusion-title-size-three\" style=\"--awb-text-color:#333333;--awb-margin-top:0px;--awb-margin-bottom:30px;--awb-margin-top-small:10px;--awb-margin-right-small:0px;--awb-margin-bottom-small:10px;--awb-margin-left-small:0px;\"><h3 class=\"fusion-title-heading title-heading-left\" style=\"font-family:&quot;Poppins&quot;;font-style:normal;font-weight:400;margin:0;\"><b>NYHETER<\/b><\/h3><\/div><div class=\"fusion-separator fusion-full-width-sep\" style=\"align-self: center;margin-left: auto;margin-right: auto;margin-top:30px;width:100%;\"><\/div><\/div><\/div><\/div><\/div>\n","protected":false},"excerpt":{"rendered":"","protected":false},"author":4,"featured_media":0,"parent":0,"menu_order":0,"comment_status":"closed","ping_status":"closed","template":"100-width.php","meta":{"footnotes":""},"class_list":["post-5666","page","type-page","status-publish","hentry"],"yoast_head":"<!-- This site is optimized with the Yoast SEO plugin v27.5 - https:\/\/yoast.com\/product\/yoast-seo-wordpress\/ -->\n<title>NYHETER - Kunista<\/title>\n<meta name=\"robots\" content=\"noindex, follow, max-snippet:-1, max-image-preview:large, max-video-preview:-1\" \/>\n<meta property=\"og:locale\" content=\"sv_SE\" \/>\n<meta property=\"og:type\" content=\"article\" \/>\n<meta property=\"og:title\" content=\"NYHETER - Kunista\" \/>\n<meta property=\"og:url\" content=\"https:\/\/2kunista.bcapps.lt\/naujienos\/\" \/>\n<meta property=\"og:site_name\" content=\"Kunista\" \/>\n<meta property=\"article:publisher\" content=\"https:\/\/www.facebook.com\/uabkunista\" \/>\n<meta property=\"article:modified_time\" content=\"2025-03-21T09:50:17+00:00\" \/>\n<meta name=\"twitter:card\" content=\"summary_large_image\" \/>\n<meta name=\"twitter:label1\" content=\"Ber\u00e4knad l\u00e4stid\" \/>\n\t<meta name=\"twitter:data1\" content=\"9 minuter\" \/>\n<script type=\"application\/ld+json\" class=\"yoast-schema-graph\">{\"@context\":\"https:\\\/\\\/schema.org\",\"@graph\":[{\"@type\":\"WebPage\",\"@id\":\"https:\\\/\\\/2kunista.bcapps.lt\\\/naujienos\\\/\",\"url\":\"https:\\\/\\\/2kunista.bcapps.lt\\\/naujienos\\\/\",\"name\":\"NYHETER - Kunista\",\"isPartOf\":{\"@id\":\"https:\\\/\\\/2kunista.bcapps.lt\\\/#website\"},\"datePublished\":\"2023-12-20T14:23:26+00:00\",\"dateModified\":\"2025-03-21T09:50:17+00:00\",\"breadcrumb\":{\"@id\":\"https:\\\/\\\/2kunista.bcapps.lt\\\/naujienos\\\/#breadcrumb\"},\"inLanguage\":\"sv-SE\",\"potentialAction\":[{\"@type\":\"ReadAction\",\"target\":[\"https:\\\/\\\/2kunista.bcapps.lt\\\/naujienos\\\/\"]}]},{\"@type\":\"BreadcrumbList\",\"@id\":\"https:\\\/\\\/2kunista.bcapps.lt\\\/naujienos\\\/#breadcrumb\",\"itemListElement\":[{\"@type\":\"ListItem\",\"position\":1,\"name\":\"PRADINIS\",\"item\":\"https:\\\/\\\/2kunista.bcapps.lt\\\/sv\\\/\"},{\"@type\":\"ListItem\",\"position\":2,\"name\":\"NYHETER\"}]},{\"@type\":\"WebSite\",\"@id\":\"https:\\\/\\\/2kunista.bcapps.lt\\\/#website\",\"url\":\"https:\\\/\\\/2kunista.bcapps.lt\\\/\",\"name\":\"Kunista\",\"description\":\"\u017dem\u0117s \u016bkio technika, logistika\",\"publisher\":{\"@id\":\"https:\\\/\\\/2kunista.bcapps.lt\\\/#organization\"},\"potentialAction\":[{\"@type\":\"SearchAction\",\"target\":{\"@type\":\"EntryPoint\",\"urlTemplate\":\"https:\\\/\\\/2kunista.bcapps.lt\\\/?s={search_term_string}\"},\"query-input\":{\"@type\":\"PropertyValueSpecification\",\"valueRequired\":true,\"valueName\":\"search_term_string\"}}],\"inLanguage\":\"sv-SE\"},{\"@type\":\"Organization\",\"@id\":\"https:\\\/\\\/2kunista.bcapps.lt\\\/#organization\",\"name\":\"UAB Kunista\",\"url\":\"https:\\\/\\\/2kunista.bcapps.lt\\\/\",\"logo\":{\"@type\":\"ImageObject\",\"inLanguage\":\"sv-SE\",\"@id\":\"https:\\\/\\\/2kunista.bcapps.lt\\\/#\\\/schema\\\/logo\\\/image\\\/\",\"url\":\"https:\\\/\\\/2kunista.bcapps.lt\\\/wp-content\\\/uploads\\\/2023\\\/10\\\/kunista-dark-logo.png\",\"contentUrl\":\"https:\\\/\\\/2kunista.bcapps.lt\\\/wp-content\\\/uploads\\\/2023\\\/10\\\/kunista-dark-logo.png\",\"width\":1000,\"height\":500,\"caption\":\"UAB Kunista\"},\"image\":{\"@id\":\"https:\\\/\\\/2kunista.bcapps.lt\\\/#\\\/schema\\\/logo\\\/image\\\/\"},\"sameAs\":[\"https:\\\/\\\/www.facebook.com\\\/uabkunista\"]}]}<\/script>\n<!-- \/ Yoast SEO plugin. -->","yoast_head_json":{"title":"NYHETER - Kunista","robots":{"index":"noindex","follow":"follow","max-snippet":"max-snippet:-1","max-image-preview":"max-image-preview:large","max-video-preview":"max-video-preview:-1"},"og_locale":"sv_SE","og_type":"article","og_title":"NYHETER - Kunista","og_url":"https:\/\/2kunista.bcapps.lt\/naujienos\/","og_site_name":"Kunista","article_publisher":"https:\/\/www.facebook.com\/uabkunista","article_modified_time":"2025-03-21T09:50:17+00:00","twitter_card":"summary_large_image","twitter_misc":{"Ber\u00e4knad l\u00e4stid":"9 minuter"},"schema":{"@context":"https:\/\/schema.org","@graph":[{"@type":"WebPage","@id":"https:\/\/2kunista.bcapps.lt\/naujienos\/","url":"https:\/\/2kunista.bcapps.lt\/naujienos\/","name":"NYHETER - Kunista","isPartOf":{"@id":"https:\/\/2kunista.bcapps.lt\/#website"},"datePublished":"2023-12-20T14:23:26+00:00","dateModified":"2025-03-21T09:50:17+00:00","breadcrumb":{"@id":"https:\/\/2kunista.bcapps.lt\/naujienos\/#breadcrumb"},"inLanguage":"sv-SE","potentialAction":[{"@type":"ReadAction","target":["https:\/\/2kunista.bcapps.lt\/naujienos\/"]}]},{"@type":"BreadcrumbList","@id":"https:\/\/2kunista.bcapps.lt\/naujienos\/#breadcrumb","itemListElement":[{"@type":"ListItem","position":1,"name":"PRADINIS","item":"https:\/\/2kunista.bcapps.lt\/sv\/"},{"@type":"ListItem","position":2,"name":"NYHETER"}]},{"@type":"WebSite","@id":"https:\/\/2kunista.bcapps.lt\/#website","url":"https:\/\/2kunista.bcapps.lt\/","name":"Kunista","description":"\u017dem\u0117s \u016bkio technika, logistika","publisher":{"@id":"https:\/\/2kunista.bcapps.lt\/#organization"},"potentialAction":[{"@type":"SearchAction","target":{"@type":"EntryPoint","urlTemplate":"https:\/\/2kunista.bcapps.lt\/?s={search_term_string}"},"query-input":{"@type":"PropertyValueSpecification","valueRequired":true,"valueName":"search_term_string"}}],"inLanguage":"sv-SE"},{"@type":"Organization","@id":"https:\/\/2kunista.bcapps.lt\/#organization","name":"UAB Kunista","url":"https:\/\/2kunista.bcapps.lt\/","logo":{"@type":"ImageObject","inLanguage":"sv-SE","@id":"https:\/\/2kunista.bcapps.lt\/#\/schema\/logo\/image\/","url":"https:\/\/2kunista.bcapps.lt\/wp-content\/uploads\/2023\/10\/kunista-dark-logo.png","contentUrl":"https:\/\/2kunista.bcapps.lt\/wp-content\/uploads\/2023\/10\/kunista-dark-logo.png","width":1000,"height":500,"caption":"UAB Kunista"},"image":{"@id":"https:\/\/2kunista.bcapps.lt\/#\/schema\/logo\/image\/"},"sameAs":["https:\/\/www.facebook.com\/uabkunista"]}]}},"_links":{"self":[{"href":"https:\/\/2kunista.bcapps.lt\/sv\/wp-json\/wp\/v2\/pages\/5666","targetHints":{"allow":["GET"]}}],"collection":[{"href":"https:\/\/2kunista.bcapps.lt\/sv\/wp-json\/wp\/v2\/pages"}],"about":[{"href":"https:\/\/2kunista.bcapps.lt\/sv\/wp-json\/wp\/v2\/types\/page"}],"author":[{"embeddable":true,"href":"https:\/\/2kunista.bcapps.lt\/sv\/wp-json\/wp\/v2\/users\/4"}],"replies":[{"embeddable":true,"href":"https:\/\/2kunista.bcapps.lt\/sv\/wp-json\/wp\/v2\/comments?post=5666"}],"version-history":[{"count":2,"href":"https:\/\/2kunista.bcapps.lt\/sv\/wp-json\/wp\/v2\/pages\/5666\/revisions"}],"predecessor-version":[{"id":5668,"href":"https:\/\/2kunista.bcapps.lt\/sv\/wp-json\/wp\/v2\/pages\/5666\/revisions\/5668"}],"wp:attachment":[{"href":"https:\/\/2kunista.bcapps.lt\/sv\/wp-json\/wp\/v2\/media?parent=5666"}],"curies":[{"name":"wp","href":"https:\/\/api.w.org\/{rel}","templated":true}]}}